{"id":550,"date":"2020-07-15T14:51:16","date_gmt":"2020-07-15T13:51:16","guid":{"rendered":"http:\/\/tdm.incongru.org\/?page_id=550"},"modified":"2021-06-12T10:57:47","modified_gmt":"2021-06-12T09:57:47","slug":"tragedie-%f0%9f%8e%ad","status":"publish","type":"page","link":"https:\/\/tdm.incongru.org\/?page_id=550","title":{"rendered":"Trag\u00e9die \ud83c\udfad"},"content":{"rendered":"\n<p><a href=\"https:\/\/tdm.incongru.org\/wp-content\/uploads\/dossier-tragedie-compresse.pdf\"><em>T\u00e9l\u00e9charger le dossier de diffusion<\/em><\/a><\/p>\n\n\n\n<p>Un groupe de coll\u00e9giens et le professeur de leur classe th\u00e9\u00e2tre viennent d\u2019assister \u00e0&nbsp;<em>Trag\u00e9die \ud83c\udfad,<\/em>&nbsp;un spectacle qui se joue enti\u00e8rement sur une c\u00e9l\u00e8bre messagerie instantan\u00e9e. Ils restent sur le groupe pour parler de ce qu\u2019ils ont vu, et bient\u00f4t se mettent \u00e0 rejouer le spectacle tel qu\u2019ils s\u2019en souviennent.<\/p>\n\n\n\n<p>Or ce spectacle raconte l\u2019aventure d\u2019une troupe de th\u00e9\u00e2tre qui, revenant elle-m\u00eame d\u2019un spectacle, entreprend de le rejouer sur une c\u00e9l\u00e8bre messagerie instantan\u00e9e.<\/p>\n\n\n\n<p>Mais ce spectacle, quant \u00e0 lui, raconte un autre spectacle, et celui-ci raconte une grande bataille, et de cette bataille d\u00e9pend rien moins que l\u2019avenir du th\u00e9\u00e2tre lui-m\u00eame.<\/p>\n\n\n\n<p>Immersif comme un roman ou comme les conversations silencieuses des machines, perturbant comme un algorithme r\u00e9cursif \u00e0 effet de bord,&nbsp;<em>Trag\u00e9die&nbsp;\ud83c\udfad<\/em> est le premier spectacle en mode texte du Th\u00e9\u00e2tre de la D\u00e9mesure.<\/p>\n\n\n\n<p>Dur\u00e9e : 55 min<\/p>\n\n\n\n<p><strong>Texte et mise en sc\u00e8ne <\/strong>Benjamin Abitan<\/p>\n\n\n\n<p><strong>Collaboration \u00e0 l\u2019\u00e9criture et jeu <\/strong>Benjamin Abitan, M\u00e9lissa Barbaud, Barth\u00e9l\u00e9my Meridjen, Aur\u00e9lie Miermont et Samuel Roger<\/p>\n\n\n\n<p><strong>Collaboration \u00e0 l\u2019\u00e9criture <\/strong>Antoine Dusollier et Thomas Horeau<\/p>\n\n\n\n<p><strong>Production<\/strong> Th\u00e9\u00e2tre de la D\u00e9mesure<br><strong>Avec la participation<\/strong> du DICR\u00e9AM et le soutien du th\u00e9\u00e2tre Le Hublot (Colombes)<\/p>\n\n\n\n<figure class=\"wp-block-image size-large\"><img loading=\"lazy\" width=\"1024\" height=\"768\" src=\"https:\/\/tdm.incongru.org\/wp-content\/uploads\/IMG_1632-WEB-1024x768.jpg\" alt=\"\" class=\"wp-image-576\" srcset=\"https:\/\/tdm.incongru.org\/wp-content\/uploads\/IMG_1632-WEB-1024x768.jpg 1024w, https:\/\/tdm.incongru.org\/wp-content\/uploads\/IMG_1632-WEB-300x225.jpg 300w, https:\/\/tdm.incongru.org\/wp-content\/uploads\/IMG_1632-WEB-768x576.jpg 768w, https:\/\/tdm.incongru.org\/wp-content\/uploads\/IMG_1632-WEB-1536x1152.jpg 1536w, https:\/\/tdm.incongru.org\/wp-content\/uploads\/IMG_1632-WEB-1707x1280.jpg 1707w, https:\/\/tdm.incongru.org\/wp-content\/uploads\/IMG_1632-WEB.jpg 2000w\" sizes=\"(max-width: 1024px) 100vw, 1024px\" \/><\/figure>\n\n\n\n<p><\/p>\n\n\n\n<figure class=\"wp-block-gallery columns-6 is-cropped\"><ul class=\"blocks-gallery-grid\"><li class=\"blocks-gallery-item\"><figure><img loading=\"lazy\" width=\"640\" height=\"1136\" src=\"https:\/\/tdm.incongru.org\/wp-content\/uploads\/IMG_3291.png\" alt=\"\" data-id=\"620\" data-full-url=\"https:\/\/tdm.incongru.org\/wp-content\/uploads\/IMG_3291.png\" data-link=\"https:\/\/tdm.incongru.org\/?attachment_id=620\" class=\"wp-image-620\" srcset=\"https:\/\/tdm.incongru.org\/wp-content\/uploads\/IMG_3291.png 640w, https:\/\/tdm.incongru.org\/wp-content\/uploads\/IMG_3291-169x300.png 169w, https:\/\/tdm.incongru.org\/wp-content\/uploads\/IMG_3291-577x1024.png 577w\" sizes=\"(max-width: 640px) 100vw, 640px\" \/><\/figure><\/li><li class=\"blocks-gallery-item\"><figure><img loading=\"lazy\" width=\"640\" height=\"1136\" src=\"https:\/\/tdm.incongru.org\/wp-content\/uploads\/IMG_3288.png\" alt=\"\" data-id=\"612\" data-full-url=\"https:\/\/tdm.incongru.org\/wp-content\/uploads\/IMG_3288.png\" data-link=\"https:\/\/tdm.incongru.org\/?attachment_id=612\" class=\"wp-image-612\" srcset=\"https:\/\/tdm.incongru.org\/wp-content\/uploads\/IMG_3288.png 640w, https:\/\/tdm.incongru.org\/wp-content\/uploads\/IMG_3288-169x300.png 169w, https:\/\/tdm.incongru.org\/wp-content\/uploads\/IMG_3288-577x1024.png 577w\" sizes=\"(max-width: 640px) 100vw, 640px\" \/><\/figure><\/li><li class=\"blocks-gallery-item\"><figure><img loading=\"lazy\" width=\"640\" height=\"1136\" src=\"https:\/\/tdm.incongru.org\/wp-content\/uploads\/IMG_3286.png\" alt=\"\" data-id=\"610\" data-full-url=\"https:\/\/tdm.incongru.org\/wp-content\/uploads\/IMG_3286.png\" data-link=\"https:\/\/tdm.incongru.org\/?attachment_id=610\" class=\"wp-image-610\" srcset=\"https:\/\/tdm.incongru.org\/wp-content\/uploads\/IMG_3286.png 640w, https:\/\/tdm.incongru.org\/wp-content\/uploads\/IMG_3286-169x300.png 169w, https:\/\/tdm.incongru.org\/wp-content\/uploads\/IMG_3286-577x1024.png 577w\" sizes=\"(max-width: 640px) 100vw, 640px\" \/><\/figure><\/li><li class=\"blocks-gallery-item\"><figure><img loading=\"lazy\" width=\"640\" height=\"1136\" src=\"https:\/\/tdm.incongru.org\/wp-content\/uploads\/IMG_3285.png\" alt=\"\" data-id=\"618\" data-full-url=\"https:\/\/tdm.incongru.org\/wp-content\/uploads\/IMG_3285.png\" data-link=\"https:\/\/tdm.incongru.org\/?attachment_id=618\" class=\"wp-image-618\" srcset=\"https:\/\/tdm.incongru.org\/wp-content\/uploads\/IMG_3285.png 640w, https:\/\/tdm.incongru.org\/wp-content\/uploads\/IMG_3285-169x300.png 169w, https:\/\/tdm.incongru.org\/wp-content\/uploads\/IMG_3285-577x1024.png 577w\" sizes=\"(max-width: 640px) 100vw, 640px\" \/><\/figure><\/li><li class=\"blocks-gallery-item\"><figure><img loading=\"lazy\" width=\"640\" height=\"1136\" src=\"https:\/\/tdm.incongru.org\/wp-content\/uploads\/IMG_3283.png\" alt=\"\" data-id=\"617\" data-full-url=\"https:\/\/tdm.incongru.org\/wp-content\/uploads\/IMG_3283.png\" data-link=\"https:\/\/tdm.incongru.org\/?attachment_id=617\" class=\"wp-image-617\" srcset=\"https:\/\/tdm.incongru.org\/wp-content\/uploads\/IMG_3283.png 640w, https:\/\/tdm.incongru.org\/wp-content\/uploads\/IMG_3283-169x300.png 169w, https:\/\/tdm.incongru.org\/wp-content\/uploads\/IMG_3283-577x1024.png 577w\" sizes=\"(max-width: 640px) 100vw, 640px\" \/><\/figure><\/li><li class=\"blocks-gallery-item\"><figure><img loading=\"lazy\" width=\"640\" height=\"1136\" src=\"https:\/\/tdm.incongru.org\/wp-content\/uploads\/IMG_3281.png\" alt=\"\" data-id=\"616\" data-full-url=\"https:\/\/tdm.incongru.org\/wp-content\/uploads\/IMG_3281.png\" data-link=\"https:\/\/tdm.incongru.org\/?attachment_id=616\" class=\"wp-image-616\" srcset=\"https:\/\/tdm.incongru.org\/wp-content\/uploads\/IMG_3281.png 640w, https:\/\/tdm.incongru.org\/wp-content\/uploads\/IMG_3281-169x300.png 169w, https:\/\/tdm.incongru.org\/wp-content\/uploads\/IMG_3281-577x1024.png 577w\" sizes=\"(max-width: 640px) 100vw, 640px\" \/><\/figure><\/li><\/ul><\/figure>\n","protected":false},"excerpt":{"rendered":"<p>T\u00e9l\u00e9charger le dossier de diffusion Un groupe de coll\u00e9giens et le professeur de leur classe th\u00e9\u00e2tre viennent d\u2019assister \u00e0&nbsp;Trag\u00e9die \ud83c\udfad,&nbsp;un spectacle qui se joue enti\u00e8rement sur une c\u00e9l\u00e8bre messagerie instantan\u00e9e. Ils restent sur le groupe pour parler de ce qu\u2019ils ont vu, et bient\u00f4t se mettent \u00e0 rejouer le spectacle tel qu\u2019ils s\u2019en souviennent. Or [&hellip;]<\/p>\n","protected":false},"author":1,"featured_media":0,"parent":0,"menu_order":0,"comment_status":"closed","ping_status":"closed","template":"","meta":[],"_links":{"self":[{"href":"https:\/\/tdm.incongru.org\/index.php?rest_route=\/wp\/v2\/pages\/550"}],"collection":[{"href":"https:\/\/tdm.incongru.org\/index.php?rest_route=\/wp\/v2\/pages"}],"about":[{"href":"https:\/\/tdm.incongru.org\/index.php?rest_route=\/wp\/v2\/types\/page"}],"author":[{"embeddable":true,"href":"https:\/\/tdm.incongru.org\/index.php?rest_route=\/wp\/v2\/users\/1"}],"replies":[{"embeddable":true,"href":"https:\/\/tdm.incongru.org\/index.php?rest_route=%2Fwp%2Fv2%2Fcomments&post=550"}],"version-history":[{"count":10,"href":"https:\/\/tdm.incongru.org\/index.php?rest_route=\/wp\/v2\/pages\/550\/revisions"}],"predecessor-version":[{"id":624,"href":"https:\/\/tdm.incongru.org\/index.php?rest_route=\/wp\/v2\/pages\/550\/revisions\/624"}],"wp:attachment":[{"href":"https:\/\/tdm.incongru.org\/index.php?rest_route=%2Fwp%2Fv2%2Fmedia&parent=550"}],"curies":[{"name":"wp","href":"https:\/\/api.w.org\/{rel}","templated":true}]}}