{"id":441,"date":"2017-11-17T13:26:48","date_gmt":"2017-11-17T12:26:48","guid":{"rendered":"http:\/\/tdm.incongru.org\/?page_id=441"},"modified":"2021-06-14T00:08:28","modified_gmt":"2021-06-13T23:08:28","slug":"les-animaux-sont-partout","status":"publish","type":"page","link":"https:\/\/tdm.incongru.org\/?page_id=441","title":{"rendered":"Les animaux sont partout"},"content":{"rendered":"<p><a href=\"https:\/\/tdm.incongru.org\/wp-content\/uploads\/lasp_diff_web.pdf\"><em data-rich-text-format-boundary=\"true\">T\u00e9l\u00e9charger le dossier de diffusion<\/em><\/a><\/p>\n<p>Dans un futur proche, un.e artiste et un.e scientifique en r\u00e9sidence doivent faire dialoguer leurs recherches sur le sentiment esth\u00e9tique chez les animaux en vue de produire ensemble un spectacle utilisant la r\u00e9alit\u00e9 virtuelle. Pendant ce temps, dans un futur lointain, des super-animaux retrouvent un DVD tr\u00e8s ancien contenant peut-\u00eatre une piste vers la seule chose qui manque \u00e0 leur super-soci\u00e9t\u00e9.<\/p>\n<p>Sous pr\u00e9texte d&rsquo;aborder les questions animales, <em>Les animaux sont partout<\/em> questionne la nature de la r\u00e9alit\u00e9 \u2013 toujours plus ou moins virtuelle, comme on peut s\u2019en rendre compte en d\u00eenant dans un restaurant de poisson ou en lisant Roland Barthes. Entre immersion lo-fi, sitcom \u00e9thologique et mapping mental, cette ambitieuse coproduction inter-\u00e9poques avance qu\u2019il faut chercher \u00e0 aimer le labyrinthe, faute de pouvoir en sortir.<\/p>\n<div class=\"page\" title=\"Page 1\">\n<div class=\"layoutArea\">\n<div class=\"column\">\n<p><em>Texte et mise en sc\u00e8ne<\/em> Benjamin Abitan<br \/>\n<em>Collaboration \u00e0 l&rsquo;\u00e9criture et jeu<\/em> Benjamin Abitan, M\u00e9lissa Barbaud, Antoine Dusollier \/ Thomas Horeau <em>(en alternance)<\/em>, Barth\u00e9l\u00e9my Meridjen, Aur\u00e9lie Miermont <em>et<\/em> Samuel Roger<br \/>\n<em>Avec les voix de<\/em> Bernard Bloch, Cyril Bothorel, Jeanne Lepers<em> et<\/em> Thomas Mallen<br \/>\n<em>Chansons<\/em> Yiannis Plastiras<br \/>\n<em>Chor\u00e9graphie<\/em> Julien Gall\u00e9e-Ferr\u00e9<br \/>\n<em>Combats<\/em> Fran\u00e7ois Rostain<br \/>\n<em>Lumi\u00e8re <\/em>C\u00e9cilia Barroero<br \/>\n<em>Vid\u00e9o<\/em> Olivier B\u00e9mer<\/p>\n<p><em>Administration<\/em> Silvia Mammano<br \/>\n<em>Production et diffusion<\/em>\u00a0Bureau Formart \u2013 C\u00e9cile Jeanson et Emilie Henin<\/p>\n<p><em>Production<\/em> Th\u00e9\u00e2tre de la D\u00e9mesure<br \/>\n<em>Avec l&rsquo;aide \u00e0 la production de la<\/em> DRAC \u00cele-de-France<br \/>\n<em>Avec le soutien et l&rsquo;accompagnement technique des<\/em> Plateaux Sauvages<em> et du<\/em> Th\u00e9\u00e2tre Paris-Villette<br \/>\n<em>Avec le soutien de la<\/em> Mairie de Paris, <em>du<\/em> <em>th\u00e9\u00e2tre<\/em> Le Hublot<em> et des<\/em> Ateliers du Bout du Monde<\/p>\n<p><i>Remerciements\u00a0<\/i>Aur\u00e9lien Dupuis, Brecht Evens, Stank, Guillaume Mika, Virginie Chevrier, Florent Jacob, Marie Pageault, Zo\u00e9 Moussiegt, Julien Imbert, Nicolas Jan et Patrice Bretaudi\u00e8re<\/p>\n<div class=\"page\" title=\"Page 4\"><\/div>\n<\/div>\n<\/div>\n<\/div>\n","protected":false},"excerpt":{"rendered":"<p>T\u00e9l\u00e9charger le dossier de diffusion Dans un futur proche, un.e artiste et un.e scientifique en r\u00e9sidence doivent faire dialoguer leurs recherches sur le sentiment esth\u00e9tique chez les animaux en vue de produire ensemble un spectacle utilisant la r\u00e9alit\u00e9 virtuelle. Pendant ce temps, dans un futur lointain, des super-animaux retrouvent un DVD tr\u00e8s ancien contenant peut-\u00eatre [&hellip;]<\/p>\n","protected":false},"author":1,"featured_media":0,"parent":0,"menu_order":0,"comment_status":"closed","ping_status":"closed","template":"","meta":[],"_links":{"self":[{"href":"https:\/\/tdm.incongru.org\/index.php?rest_route=\/wp\/v2\/pages\/441"}],"collection":[{"href":"https:\/\/tdm.incongru.org\/index.php?rest_route=\/wp\/v2\/pages"}],"about":[{"href":"https:\/\/tdm.incongru.org\/index.php?rest_route=\/wp\/v2\/types\/page"}],"author":[{"embeddable":true,"href":"https:\/\/tdm.incongru.org\/index.php?rest_route=\/wp\/v2\/users\/1"}],"replies":[{"embeddable":true,"href":"https:\/\/tdm.incongru.org\/index.php?rest_route=%2Fwp%2Fv2%2Fcomments&post=441"}],"version-history":[{"count":23,"href":"https:\/\/tdm.incongru.org\/index.php?rest_route=\/wp\/v2\/pages\/441\/revisions"}],"predecessor-version":[{"id":627,"href":"https:\/\/tdm.incongru.org\/index.php?rest_route=\/wp\/v2\/pages\/441\/revisions\/627"}],"wp:attachment":[{"href":"https:\/\/tdm.incongru.org\/index.php?rest_route=%2Fwp%2Fv2%2Fmedia&parent=441"}],"curies":[{"name":"wp","href":"https:\/\/api.w.org\/{rel}","templated":true}]}}