{"id":155,"date":"2014-05-17T01:30:18","date_gmt":"2014-05-17T00:30:18","guid":{"rendered":"http:\/\/tdm.incongru.org\/?page_id=155"},"modified":"2021-06-12T10:32:47","modified_gmt":"2021-06-12T09:32:47","slug":"actualite-2","status":"publish","type":"page","link":"https:\/\/tdm.incongru.org\/","title":{"rendered":"Actualit\u00e9"},"content":{"rendered":"<p>Les jours impairs du 7 au 25 juillet \u00e0 12:15<br \/>\n<em><a href=\"https:\/\/tdm.incongru.org\/?page_id=441\">Les animaux sont partout<\/a><br \/>\n<\/em><a href=\"https:\/\/www.theatredutrainbleu.fr\">Th\u00e9\u00e2tre du Train Bleu<\/a> (Festival d&rsquo;Avignon)<em><br \/>\n<\/em><\/p>\n<p>13, 20 et 27 juillet \u00e0 16:00<br \/>\n<span style=\"color: #c0c0c0;\"><a href=\"https:\/\/tdm.incongru.org\/?page_id=550\"><em>Trag\u00e9die \ud83c\udfad<\/em><\/a><br \/>\n<a href=\"https:\/\/www.theatredutrainbleu.fr\">Th\u00e9\u00e2tre du Train Bleu<\/a><\/span> (Festival d&rsquo;Avignon)<span style=\"color: #c0c0c0;\"><em><br \/>\n<\/em><\/span><\/p>\n<p style=\"padding-left: 40px;\"><span style=\"color: #c0c0c0;\">24.09.20 \u00e0 20:30<\/span><br \/>\n<span style=\"color: #c0c0c0;\"><em><a style=\"color: #c0c0c0;\" href=\"https:\/\/tdm.incongru.org\/?page_id=550\">Trag\u00e9die <\/a><a href=\"https:\/\/tdm.incongru.org\/?page_id=550\">\ud83c\udfad<\/a><br \/>\n<\/em><a style=\"color: #c0c0c0;\" href=\"https:\/\/www.theatre-paris-villette.fr\/spectacle\/tragedie\/\">Festival SPOT &#8211; Th\u00e9\u00e2tre Paris-Villette<\/a> (Paris 19e)<\/span><\/p>\n<p style=\"padding-left: 40px;\"><span style=\"color: #c0c0c0;\">07 et 08.09.20 \u00e0 20:30<\/span><br \/>\n<span style=\"color: #c0c0c0;\"><em><a style=\"color: #c0c0c0;\" href=\"https:\/\/tdm.incongru.org\/?page_id=441\">Les animaux sont partout<\/a><br \/>\n<\/em><\/span><span style=\"color: #c0c0c0;\"><a style=\"color: #c0c0c0;\" href=\"https:\/\/www.theatre-paris-villette.fr\/spectacle\/les-animaux-sont-partout\/\">Festival SPOT &#8211; Th\u00e9\u00e2tre Paris-Villette<\/a> (Paris 19e)<\/span><\/p>\n<p style=\"padding-left: 40px;\"><span style=\"color: #c0c0c0;\"><del>06 et 07.05.20 \u00e0 20:30<\/del><\/span><br \/>\n<span style=\"color: #c0c0c0;\"><del><a style=\"color: #c0c0c0;\" href=\"https:\/\/tdm.incongru.org\/?page_id=441\"><em>Les animaux sont partout<\/em><\/a><\/del><\/span><br \/>\n<span style=\"color: #c0c0c0;\"><del><a style=\"color: #c0c0c0;\" href=\"https:\/\/www.facebook.com\/theatreberthelot\/\">Th\u00e9\u00e2tre Marcellin Berthelot<\/a> (Montreuil)<\/del><\/span><\/p>\n<p style=\"padding-left: 40px;\"><span style=\"color: #c0c0c0;\">14.01.20 \u00e0 20:30,<\/span><br \/>\n<span style=\"color: #c0c0c0;\">16.01.20 \u00e0 14:30,<\/span><br \/>\n<span style=\"color: #c0c0c0;\">17.01.20 \u00e0 14:30 et 20:30<\/span><br \/>\n<span style=\"color: #c0c0c0;\"><a style=\"color: #c0c0c0;\" href=\"https:\/\/tdm.incongru.org\/?page_id=441\"><em>Les animaux sont partout<\/em><\/a><\/span><br \/>\n<span style=\"color: #c0c0c0;\"><a style=\"color: #c0c0c0;\" href=\"https:\/\/www.lehublot.org\/lesanimaux\">Le Hublot<\/a> (Colombes)<\/span><\/p>\n<p style=\"padding-left: 30px;\"><span style=\"color: #c0c0c0;\">12 au 22.11.19 \u00e0 20:00<br \/>\n<a style=\"color: #c0c0c0;\" href=\"https:\/\/tdm.incongru.org\/?page_id=441\"><em>Les animaux sont partout<\/em><\/a><br \/>\n<a style=\"color: #c0c0c0;\" href=\"http:\/\/lesplateauxsauvages.fr\/benjamin-abitan\/\">Les Plateaux Sauvages<\/a> (Paris)<\/span><\/p>\n<p style=\"padding-left: 30px;\"><span style=\"color: #c0c0c0;\">16 et 17.05.19 \u00e0 19:00<br \/>\n<\/span><em><span style=\"color: #c0c0c0;\"><a style=\"color: #c0c0c0;\" href=\"https:\/\/tdm.incongru.org\/?page_id=441\">Les animaux sont partout<\/a>\u00a0<\/span>(maquette)<\/em><span style=\"color: #c0c0c0;\"><br \/>\n<a href=\"http:\/\/lesplateauxsauvages.fr\/benjamin-abitan\/\"><span style=\"color: #c0c0c0;\">Les Plateaux Sauvages<\/span><\/a> (Paris)<\/span><\/p>\n<p style=\"padding-left: 30px;\"><span style=\"color: #c0c0c0;\">12.04.19 \u00e0 19:00<br \/>\n<a style=\"color: #c0c0c0;\" href=\"http:\/\/www.bureau-formart.org\/agenda\/animalogies\">Cycle <em>Animalogies<\/em><\/a> \u2022 #8 &#8211; Le Sacrifice \ud83d\udd2a\ud83d\udc11<br \/>\n<a style=\"color: #c0c0c0;\" href=\"http:\/\/lesplateauxsauvages.fr\/benjamin-abitan\/\">Les Plateaux Sauvages<\/a> (Paris)<br \/>\n<a style=\"color: #c0c0c0;\" href=\"https:\/\/drive.google.com\/open?id=1I1LfIG0ELw_a-p_GwYbl2bPg0gAdtx1A\"><em>Archive son<\/em><\/a><em>\u00a0?<\/em><br \/>\n<\/span><\/p>\n<p style=\"padding-left: 30px;\"><span style=\"color: #c0c0c0;\">15.03.19 \u00e0 19:00<br \/>\n<a style=\"color: #c0c0c0;\" href=\"http:\/\/www.bureau-formart.org\/agenda\/animalogies\">Cycle <em>Animalogies<\/em><\/a> \u2022 #7 &#8211; Le ver intestinal du Tibet \ud83d\udc09<br \/>\n<a style=\"color: #c0c0c0;\" href=\"http:\/\/lesplateauxsauvages.fr\/benjamin-abitan\/\">Les Plateaux Sauvages<\/a> (Paris)<br \/>\n<a style=\"color: #c0c0c0;\" href=\"https:\/\/drive.google.com\/open?id=1I1LfIG0ELw_a-p_GwYbl2bPg0gAdtx1A\"><em>Archive son<\/em><\/a><em>\u00a0?<\/em><br \/>\n<\/span><\/p>\n<p style=\"padding-left: 30px;\"><span style=\"color: #c0c0c0;\">22.02.19 \u00e0 19:00<br \/>\n<a style=\"color: #c0c0c0;\" href=\"http:\/\/www.bureau-formart.org\/agenda\/animalogies\">Cycle <em>Animalogies<\/em><\/a> \u2022 #6 &#8211; La Vierge au lapin, \u00e9mois \ud83d\udc07<br \/>\n<a style=\"color: #c0c0c0;\" href=\"http:\/\/lesplateauxsauvages.fr\/benjamin-abitan\/\">Les Plateaux Sauvages<\/a> (Paris)<br \/>\n<a style=\"color: #c0c0c0;\" href=\"https:\/\/drive.google.com\/open?id=1I1LfIG0ELw_a-p_GwYbl2bPg0gAdtx1A\"><em>Archive son<\/em><\/a><em>\u00a0?<\/em><br \/>\n<\/span><\/p>\n<p style=\"padding-left: 30px;\"><span style=\"color: #c0c0c0;\">25.01.19 \u00e0 19:00<br \/>\n<a style=\"color: #c0c0c0;\" href=\"http:\/\/www.bureau-formart.org\/agenda\/animalogies\">Cycle <em>Animalogies<\/em><\/a> \u2022 #5 &#8211; Le nourrissage des manchots \ud83d\udc27<br \/>\n<a style=\"color: #c0c0c0;\" href=\"http:\/\/lesplateauxsauvages.fr\/benjamin-abitan\/\">Les Plateaux Sauvages<\/a> (Paris)<br \/>\n<em>Archive vid\u00e9o <\/em>\ud83c\udf9e<br \/>\n<\/span><em><a style=\"color: #c0c0c0;\" href=\"https:\/\/drive.google.com\/open?id=1I1LfIG0ELw_a-p_GwYbl2bPg0gAdtx1A\">Archive son<\/a><\/em>\ud83d\udcfb<\/p>\n<p style=\"padding-left: 30px;\"><span style=\"color: #c0c0c0;\">19.12.18 \u00e0 19:00<\/span><br \/>\n<span style=\"color: #c0c0c0;\"><a style=\"color: #c0c0c0;\" href=\"http:\/\/www.bureau-formart.org\/agenda\/animalogies\">Cycle <em>Animalogies<\/em><\/a> \u2022 #4 &#8211; Un bon film de propagande sur les rats (jeu de soci\u00e9t\u00e9) \ud83d\udc00<\/span><br \/>\n<span style=\"color: #c0c0c0;\"><a style=\"color: #c0c0c0;\" href=\"http:\/\/lesplateauxsauvages.fr\/benjamin-abitan\/\">Les Plateaux Sauvages<\/a> (Paris)<br \/>\n<a style=\"color: #c0c0c0;\" href=\"https:\/\/drive.google.com\/open?id=1I1LfIG0ELw_a-p_GwYbl2bPg0gAdtx1A\"><em>Archive son<\/em><\/a> \ud83d\udcfb<br \/>\n<\/span><\/p>\n<p style=\"padding-left: 30px;\"><span style=\"color: #c0c0c0;\">23.11.18 \u00e0 19:00<br \/>\n<a style=\"color: #c0c0c0;\" href=\"http:\/\/www.bureau-formart.org\/agenda\/animalogies\">Cycle <em>Animalogies<\/em><\/a> \u2022 #3 &#8211; Le loup, l&rsquo;agneau et le trappeur (vid\u00e9oconf\u00e9rence inter-esp\u00e8ces) \ud83d\udc3a<br \/>\n<a style=\"color: #c0c0c0;\" href=\"http:\/\/lesplateauxsauvages.fr\">Les Plateaux Sauvages<\/a> (Paris)<br \/>\n<a style=\"color: #c0c0c0;\" href=\"https:\/\/drive.google.com\/open?id=1I1LfIG0ELw_a-p_GwYbl2bPg0gAdtx1A\"><em>Archive son<\/em><\/a> \ud83d\udcfb<br \/>\n<em><a style=\"color: #c0c0c0;\" href=\"https:\/\/theatredelademesure.us19.list-manage.com\/track\/click?u=7b0ed003e48e76a90af59e525&amp;id=745efc29ea&amp;e=9cd90f96be\">Archive vid\u00e9o<\/a><\/em>\ud83c\udf9e<\/span><\/p>\n<p><iframe loading=\"lazy\" src=\"https:\/\/player.vimeo.com\/video\/305154267\" width=\"640\" height=\"360\" frameborder=\"0\" allowfullscreen=\"allowfullscreen\"><\/iframe><\/p>\n<p style=\"padding-left: 30px;\"><span style=\"color: #c0c0c0;\">19.10.18 \u00e0 19:00<br \/>\n<a style=\"color: #c0c0c0;\" href=\"http:\/\/www.bureau-formart.org\/agenda\/animalogies\">Cycle <em>Animalogies<\/em><\/a> \u2022 #2 &#8211; La traite (canular collectif pour chien) \ud83d\udc15<br \/>\n<a style=\"color: #c0c0c0;\" href=\"http:\/\/lesplateauxsauvages.fr\">Les Plateaux Sauvages<\/a> (Paris)<br \/>\n<em><a style=\"color: #c0c0c0;\" href=\"https:\/\/drive.google.com\/open?id=1I1LfIG0ELw_a-p_GwYbl2bPg0gAdtx1A\">Archive son<\/a><\/em>\ud83d\udcfb<\/span><\/p>\n<p style=\"padding-left: 30px;\"><span style=\"color: #c0c0c0;\">21.09.18 \u00e0 19:00<br \/>\n<a style=\"color: #c0c0c0;\" href=\"http:\/\/www.bureau-formart.org\/agenda\/animalogies\">Cycle <em>Animalogies<\/em><\/a> \u2022 #1 &#8211; Je suis une poule (performance sous hypnose) \ud83d\udc13<br \/>\n<a style=\"color: #c0c0c0;\" href=\"http:\/\/lesplateauxsauvages.fr\">Les Plateaux Sauvages<\/a> (Paris)<br \/>\n<a style=\"color: #c0c0c0;\" href=\"https:\/\/drive.google.com\/open?id=1I1LfIG0ELw_a-p_GwYbl2bPg0gAdtx1A\"><em>Archive son<\/em><\/a> \ud83d\udcfb<\/span><\/p>\n<p style=\"padding-left: 30px;\"><span style=\"color: #c0c0c0;\"><em><iframe loading=\"lazy\" src=\"https:\/\/www.franceculture.fr\/player\/export-reecouter?content=a1ba05df-cfa3-4f59-bd62-d3172ce2f9e7\" width=\"481\" height=\"137\" frameborder=\"0\" scrolling=\"no\"><\/iframe><\/em><br \/>\n<\/span><\/p>\n<p style=\"padding-left: 30px;\"><span style=\"color: #c0c0c0;\">03.04.18 \u00e0 19:30<br \/>\n<a style=\"color: #c0c0c0;\" title=\"Le Grand Trou\" href=\"https:\/\/tdm.incongru.org\/?page_id=146\"><em>Le Grand Trou<\/em><\/a><br \/>\n<a style=\"color: #c0c0c0;\" href=\"http:\/\/www.culture-chapelle-st-luc.fr\">Centre culturel Didier Bienaim\u00e9<\/a> (La Chapelle Saint-Luc)<br \/>\n<\/span><\/p>\n<p style=\"padding-left: 30px;\"><span style=\"color: #c0c0c0;\">17.03.18 \u00e0 20:30<br \/>\n19 et 20.03.18 \u00e0 15:00 et 20:30<br \/>\n<a style=\"color: #c0c0c0;\" title=\"Le Grand Trou\" href=\"https:\/\/tdm.incongru.org\/?page_id=146\"><em>Le Grand Trou<\/em><\/a><br \/>\n<a style=\"color: #c0c0c0;\" href=\"http:\/\/www.lehublot.org\/\">Le Hublot<\/a> (Colombes)<br \/>\n<\/span><\/p>\n<p style=\"padding-left: 30px;\"><span style=\"color: #c0c0c0;\">13 au 18.12.17 &#8211; 20:30 (le 17 \u00e0 17:00)<br \/>\n<a style=\"color: #c0c0c0;\" title=\"Le Grand Trou\" href=\"https:\/\/tdm.incongru.org\/?page_id=146\"><em>Le Grand Trou<\/em><\/a><br \/>\n<a style=\"color: #c0c0c0;\" href=\"http:\/\/www.lechangeur.org\">Th\u00e9\u00e2tre de l&rsquo;Echangeur<\/a> (Bagnolet)<br \/>\n<\/span><\/p>\n<p style=\"padding-left: 30px;\"><span style=\"color: #c0c0c0;\">25.03.17 &#8211; 20:30<br \/>\n<em>On n&rsquo;avance pas<br \/>\n<\/em>(impromptu dans le cadre du <a style=\"color: #c0c0c0;\" href=\"http:\/\/www.cnes-observatoire.net\/festival-sideration\/festival-sideration-edition-2017.html\">Festival Sid\u00e9ration<\/a>)<em><br \/>\n<\/em><a style=\"color: #c0c0c0;\" href=\"http:\/\/www.cnes-observatoire.net\">CNES \/ Observatoire de l&rsquo;Espace<\/a><\/span><\/p>\n<p style=\"padding-left: 30px;\"><span style=\"color: #c0c0c0;\">6 au 11.12.16 &#8211; 20:30<\/span><br \/>\n<span style=\"color: #c0c0c0;\"> <a style=\"color: #c0c0c0;\" title=\"Temps de pose\" href=\"https:\/\/tdm.incongru.org\/?page_id=146\"><em>Le Grand Trou<\/em><\/a><\/span><br \/>\n<span style=\"color: #c0c0c0;\"><a style=\"color: #c0c0c0;\" href=\"http:\/\/www.lechangeur.org\">Th\u00e9\u00e2tre de l&rsquo;Echangeur<\/a> (Bagnolet)<\/span><\/p>\n<p style=\"padding-left: 30px;\"><span style=\"color: #c0c0c0;\">26\u00a0mars 2015<br \/>\n<a style=\"color: #c0c0c0;\" href=\"https:\/\/tdm.incongru.org\/?page_id=128\"><em>Temps de pose<\/em><\/a><br \/>\n<a style=\"color: #c0c0c0;\" href=\"http:\/\/www.theatre-vanves.fr\/spectacle\/temps-pose\/\" target=\"_blank\" rel=\"noopener noreferrer\">Th\u00e9\u00e2tre de Vanves<\/a><\/span><\/p>\n<p style=\"padding-left: 30px;\"><span style=\"color: #c0c0c0;\">14-15 juin 2014<br \/>\n<a style=\"color: #c0c0c0;\" href=\"https:\/\/tdm.incongru.org\/?page_id=128\"><em>Temps de pose (version mus\u00e9ale)<\/em><\/a><br \/>\n<a style=\"color: #c0c0c0;\" href=\"http:\/\/www.chateaudelarocheguyon.fr\/heading\/heading14498.html\" target=\"_blank\" rel=\"noopener noreferrer\">Ch\u00e2teau de La Roche-Guyon<\/a><\/span><\/p>\n<p style=\"padding-left: 30px;\"><span style=\"color: #c0c0c0;\">9 mai 2014<\/span><br style=\"color: #2d2926;\" \/><span style=\"color: #c0c0c0;\"><a style=\"color: #c0c0c0;\" href=\"https:\/\/tdm.incongru.org\/?page_id=128\"><em>Temps de pose (extraits)<\/em><\/a><\/span><br style=\"color: #2d2926;\" \/><span style=\"color: #c0c0c0;\"><a style=\"color: #c0c0c0;\" href=\"http:\/\/www.halldeschars.eu\/evenement\/inact2014\/\" target=\"_blank\" rel=\"noopener noreferrer\">Hall des Chars \/ Festival INACT<\/a> (Strasbourg)\u00a0<\/span><\/p>\n<p style=\"padding-left: 30px;\"><span style=\"color: #c0c0c0;\">26-30 avril 2014<br \/>\n<em><a style=\"color: #c0c0c0;\" title=\"Temps de pose\" href=\"https:\/\/tdm.incongru.org\/?page_id=128\">Temps de pose<\/a><\/em><br \/>\n<a style=\"color: #c0c0c0;\" href=\"http:\/\/www.lechangeur.org\/event\/temps-de-pose\/\" target=\"_blank\" rel=\"noopener noreferrer\">Th\u00e9\u00e2tre de l\u2019Echangeur<\/a> (Bagnolet)\u00a0<\/span><\/p>\n<p style=\"padding-left: 30px;\"><span style=\"color: #c0c0c0;\">19 d\u00e9cembre 2013<br \/>\n<a style=\"color: #c0c0c0;\" href=\"https:\/\/tdm.incongru.org\/?page_id=128\"><em>Temps de pose (version mus\u00e9ale)<\/em><\/a><em><span style=\"font-style: inherit;\"><span style=\"font-style: inherit;\"><br \/>\n<\/span><\/span><\/em><a style=\"color: #c0c0c0;\" href=\"http:\/\/www.chartreuse.org\/56\/498\/theatre-de-la-demesure-benjamin-abitan\" target=\"_blank\" rel=\"noopener noreferrer\"><span style=\"font-style: inherit;\">Chartreuse d&rsquo;Avignon \/ CNES<\/span><\/a><\/span><\/p>\n","protected":false},"excerpt":{"rendered":"<p>Les jours impairs du 7 au 25 juillet \u00e0 12:15 Les animaux sont partout Th\u00e9\u00e2tre du Train Bleu (Festival d&rsquo;Avignon) 13, 20 et 27 juillet \u00e0 16:00 Trag\u00e9die \ud83c\udfad Th\u00e9\u00e2tre du Train Bleu (Festival d&rsquo;Avignon) 24.09.20 \u00e0 20:30 Trag\u00e9die \ud83c\udfad Festival SPOT &#8211; Th\u00e9\u00e2tre Paris-Villette (Paris 19e) 07 et 08.09.20 \u00e0 20:30 Les animaux sont [&hellip;]<\/p>\n","protected":false},"author":1,"featured_media":473,"parent":0,"menu_order":0,"comment_status":"closed","ping_status":"closed","template":"","meta":[],"_links":{"self":[{"href":"https:\/\/tdm.incongru.org\/index.php?rest_route=\/wp\/v2\/pages\/155"}],"collection":[{"href":"https:\/\/tdm.incongru.org\/index.php?rest_route=\/wp\/v2\/pages"}],"about":[{"href":"https:\/\/tdm.incongru.org\/index.php?rest_route=\/wp\/v2\/types\/page"}],"author":[{"embeddable":true,"href":"https:\/\/tdm.incongru.org\/index.php?rest_route=\/wp\/v2\/users\/1"}],"replies":[{"embeddable":true,"href":"https:\/\/tdm.incongru.org\/index.php?rest_route=%2Fwp%2Fv2%2Fcomments&post=155"}],"version-history":[{"count":64,"href":"https:\/\/tdm.incongru.org\/index.php?rest_route=\/wp\/v2\/pages\/155\/revisions"}],"predecessor-version":[{"id":605,"href":"https:\/\/tdm.incongru.org\/index.php?rest_route=\/wp\/v2\/pages\/155\/revisions\/605"}],"wp:featuredmedia":[{"embeddable":true,"href":"https:\/\/tdm.incongru.org\/index.php?rest_route=\/wp\/v2\/media\/473"}],"wp:attachment":[{"href":"https:\/\/tdm.incongru.org\/index.php?rest_route=%2Fwp%2Fv2%2Fmedia&parent=155"}],"curies":[{"name":"wp","href":"https:\/\/api.w.org\/{rel}","templated":true}]}}