{"id":146,"date":"2014-05-16T12:58:49","date_gmt":"2014-05-16T11:58:49","guid":{"rendered":"http:\/\/tdm.incongru.org\/?page_id=146"},"modified":"2018-02-17T13:49:38","modified_gmt":"2018-02-17T12:49:38","slug":"autres","status":"publish","type":"page","link":"https:\/\/tdm.incongru.org\/?page_id=146","title":{"rendered":"Le grand trou"},"content":{"rendered":"<p>Dans un futur lointain, des scientifiques d\u00e9couvrent une source de radiations sur une plan\u00e8te bleue d\u00e9sert\u00e9e. C\u2019est peut-\u00eatre un site d\u2019enfouissement, mais de quoi ? Les seuls indices sont des textes retrouv\u00e9s \u00e0 la surface, apparemment des comptes-rendus de r\u00e9union ou des textes de th\u00e9\u00e2tre, derniers vestiges d\u2019un peuple de \u00ab Gardiens \u00bb organis\u00e9 autour d\u2019un unique tabou : l\u2019interdiction absolue de creuser le sol. Les scientifiques ont deux heures pour pr\u00e9senter ces documents, par le biais d\u2019une projection holographique, \u00e0 la commission du S\u00e9nat Intergalactique\u00a0charg\u00e9e de d\u00e9terminer si, oui ou non, il faut creuser le sol de cette plan\u00e8te et exhumer cette myst\u00e9rieuse source d\u2019\u00e9nergie.<\/p>\n<p style=\"text-align: center;\"><em><strong><a href=\"https:\/\/tdm.incongru.org\/wp-content\/uploads\/lgtdiff.pdf\"><img loading=\"lazy\" class=\"wp-image-419 alignnone\" src=\"https:\/\/tdm.incongru.org\/wp-content\/uploads\/iconePdf.png\" alt=\"\" width=\"30\" height=\"30\" srcset=\"https:\/\/tdm.incongru.org\/wp-content\/uploads\/iconePdf.png 256w, https:\/\/tdm.incongru.org\/wp-content\/uploads\/iconePdf-150x150.png 150w\" sizes=\"(max-width: 30px) 100vw, 30px\" \/><\/a><\/strong><a href=\"https:\/\/tdm.incongru.org\/wp-content\/uploads\/lgtdiff.pdf\">\u00a0<\/a><\/em><a href=\"https:\/\/tdm.incongru.org\/wp-content\/uploads\/lgtdiff12.02.18.pdf\">T\u00e9l\u00e9charger le dossier de diffusion<\/a><\/p>\n<p><iframe loading=\"lazy\" src=\"https:\/\/player.vimeo.com\/video\/200557727\" width=\"640\" height=\"360\" frameborder=\"0\" webkitallowfullscreen mozallowfullscreen allowfullscreen><\/iframe><\/p>\n<p><em>Le Grand Trou<\/em> est\u00a0une fiction d&rsquo;anticipation bas\u00e9e sur des faits r\u00e9els. Car un grand trou est d\u00e9j\u00e0 en cours de forage dans <a href=\"http:\/\/rue89.nouvelobs.com\/2013\/07\/07\/onkalo-voyage-tombeau-nucleaire-finlandais-243887\" target=\"_blank\" rel=\"noopener\">la r\u00e9alit\u00e9<\/a>. Il va faire\u00a0\u00e0 peu pr\u00e8s le diam\u00e8tre de la ville de Paris. Pendant un peu plus d&rsquo;un si\u00e8cle il sera\u00a0rempli de d\u00e9chets radioactifs, apr\u00e8s quoi il devra rester\u00a0scell\u00e9 pendant une p\u00e9riode de cent mille ans. Le principal probl\u00e8me est donc d&rsquo;ordre signal\u00e9tique :\u00a0comment pr\u00e9venir les g\u00e9n\u00e9rations futures qu&rsquo;il ne faut\u00a0surtout pas aller voir\u00a0dans\u00a0le trou ?<br \/>\n<span style=\"color: #000000;\">La seule\u00a0solution viable consiste \u00e0 cr\u00e9er une caste de gardiens vivant au-dessus du trou et se transmettant l&rsquo;information de g\u00e9n\u00e9ration en g\u00e9n\u00e9ration.\u00a0<\/span>Mais pour\u00a0Umberto Eco, qui s&rsquo;est pench\u00e9 sur un projet similaire au d\u00e9but des ann\u00e9es quatre-vingt aux Etats-Unis, cette solution implique\u00a0\u00e0 terme la cr\u00e9ation de\u00a0mythes et\u00a0la transformation du message en tabou impr\u00e9cis.<\/p>\n<p>Les gardiens de la g\u00e9n\u00e9ration d&rsquo;avant passent le flambeau \u00e0 ceux de la g\u00e9n\u00e9ration d&rsquo;apr\u00e8s. Mais qu&rsquo;y a-t-il au juste dans le grand trou, et pourquoi faut-il \u00e0 tout prix \u00e9viter de l&rsquo;ouvrir ? Plus personne ne sait vraiment.<\/p>\n<p>03.04.18 \u00e0 19:30<br \/>\n<a href=\"http:\/\/www.culture-chapelle-st-luc.fr\">Centre culturel Didier Bienaim\u00e9 (La Chapelle Saint-Luc)<\/a><\/p>\n<p>17.03.18 \u00e0 20:30<br \/>\n19 et 20.03.18 \u00e0 15:00 et 20:30<br \/>\n<a href=\"http:\/\/www.lehublot.org\/\">Le Hublot (Colombes)<\/a><\/p>\n<p>13 au 18.12.17 \u2013 20:30 (le 17 \u00e0 17:00)<br \/>\n<a href=\"http:\/\/www.lechangeur.org\">Th\u00e9\u00e2tre de l&rsquo;Echangeur (Bagnolet)<\/a><\/p>\n<p>6 au 11.12.16 \u2013 20:30<br \/>\n<a href=\"http:\/\/www.lechangeur.org\">Th\u00e9\u00e2tre de l&rsquo;Echangeur (Bagnolet)<\/a><\/p>\n<p><em>Dur\u00e9e : 2h<\/em><\/p>\n<div class=\"page\" title=\"Page 1\">\n<div class=\"layoutArea\">\n<div class=\"column\">\n<p><em>De et par Benjamin Abitan, Raffa\u00eblle Bloch, Antoine Dusollier Thomas Horeau, Barth\u00e9l\u00e9my Meridjen, Aur\u00e9lie Miermont, Ondine Trager <\/em><br \/>\n<em>Avec \u00e9galement Bernard Bloch<\/em><br \/>\n<em> Interpr\u00e8tes vid\u00e9o : Yordan Goldwaser, Aur\u00e9lia Grignon et Nathalie Lacroix <\/em><br \/>\n<em>Chansons : Yiannis Plastiras<\/em><br \/>\n<em>R\u00e9gie g\u00e9n\u00e9rale :\u00a0Ondine Trager<\/em><br \/>\n<em>Conception vid\u00e9o : Cyril Liaudet <\/em><br \/>\n<em>Assistant costumes : Mathieu Mistler<\/em><br \/>\n<em> Participation \u00e0 l\u2019\u00e9criture du spectacle : Hadrien Bouvier<\/em><\/p>\n<div class=\"page\" title=\"Page 4\">\n<div class=\"layoutArea\">\n<div class=\"column\">\n<p><em>Production TDM, avec le soutien du Cirque \u00e9lectrique, des Studios de Virecourt, de CAP \u00c9TOILE, de La G\u00e9n\u00e9rale, de l&rsquo;Echangeur, du Cin\u00e9ma Avesso et des plateaux solidaires d\u2019Arcadi. <\/em><\/p>\n<p><em>Remerciements :\u00a0R\u00e9seau th\u00e9\u00e2tre, Cyril Liaudet, Tabatha Weisgerber, Yiannis Truc, Tama\u00efti Torlasco, Pierre-Julien Djenoun, Denis Gu\u00e9noun, Aur\u00e9lien Dupuis, Julien Granjoux , Matthieu Segond, Cie Gongle, Thomas Carpentier, Juliette Faburel, Arthur de Barry, Evelyne Pelletier, Philippe Lanton, Jacques Miermont, Benjamin Leh\u00e9rissey, Virginie Chevrier, Diane Gu\u00e9rin, Julien Imbert, Rozenn Biardeau, Chlo\u00e9 Len\u00f4tre.<\/em><\/p>\n<\/div>\n<\/div>\n<\/div>\n<\/div>\n<\/div>\n<\/div>\n","protected":false},"excerpt":{"rendered":"<p>Dans un futur lointain, des scientifiques d\u00e9couvrent une source de radiations sur une plan\u00e8te bleue d\u00e9sert\u00e9e. C\u2019est peut-\u00eatre un site d\u2019enfouissement, mais de quoi ? Les seuls indices sont des textes retrouv\u00e9s \u00e0 la surface, apparemment des comptes-rendus de r\u00e9union ou des textes de th\u00e9\u00e2tre, derniers vestiges d\u2019un peuple de \u00ab Gardiens \u00bb organis\u00e9 autour [&hellip;]<\/p>\n","protected":false},"author":1,"featured_media":0,"parent":0,"menu_order":0,"comment_status":"open","ping_status":"closed","template":"","meta":[],"_links":{"self":[{"href":"https:\/\/tdm.incongru.org\/index.php?rest_route=\/wp\/v2\/pages\/146"}],"collection":[{"href":"https:\/\/tdm.incongru.org\/index.php?rest_route=\/wp\/v2\/pages"}],"about":[{"href":"https:\/\/tdm.incongru.org\/index.php?rest_route=\/wp\/v2\/types\/page"}],"author":[{"embeddable":true,"href":"https:\/\/tdm.incongru.org\/index.php?rest_route=\/wp\/v2\/users\/1"}],"replies":[{"embeddable":true,"href":"https:\/\/tdm.incongru.org\/index.php?rest_route=%2Fwp%2Fv2%2Fcomments&post=146"}],"version-history":[{"count":23,"href":"https:\/\/tdm.incongru.org\/index.php?rest_route=\/wp\/v2\/pages\/146\/revisions"}],"predecessor-version":[{"id":468,"href":"https:\/\/tdm.incongru.org\/index.php?rest_route=\/wp\/v2\/pages\/146\/revisions\/468"}],"wp:attachment":[{"href":"https:\/\/tdm.incongru.org\/index.php?rest_route=%2Fwp%2Fv2%2Fmedia&parent=146"}],"curies":[{"name":"wp","href":"https:\/\/api.w.org\/{rel}","templated":true}]}}