{"id":143,"date":"2014-05-16T12:57:42","date_gmt":"2014-05-16T11:57:42","guid":{"rendered":"http:\/\/tdm.incongru.org\/?page_id=143"},"modified":"2014-05-17T16:56:53","modified_gmt":"2014-05-17T15:56:53","slug":"tout-va-disparaitre","status":"publish","type":"page","link":"https:\/\/tdm.incongru.org\/?page_id=143","title":{"rendered":"Tout va dispara\u00eetre"},"content":{"rendered":"<p>En 2009 et 2010, le TDM a \u00e9crit et r\u00e9alis\u00e9 une webs\u00e9rie en 14 \u00e9pisodes de 10 minutes sur le th\u00e8me de la fin du monde\u00a0avec des acteurs amateurs d&rsquo;Auray (Morbihan).\u00a0Parall\u00e8lement \u00e0 la diffusion progressive des \u00e9pisodes sur le blog d&rsquo;un des personnages, la fiction se d\u00e9ployait\u00a0dans la ville sous forme de l\u00e9gendes urbaines gr\u00e2ce \u00e0 la complicit\u00e9 de la presse.<\/p>\n<p>La troisi\u00e8me saison de la fiction s&rsquo;est d\u00e9roul\u00e9e en ao\u00fbt 2010 \u00e0\u00a0Auray sous forme d&rsquo;un feuilleton op\u00e9ratique de rue r\u00e9unissant les acteurs de la s\u00e9rie.<\/p>\n<p>La s\u00e9rie est toujours consultable en ligne, \u00e9pisode par \u00e9pisode ou dans son int\u00e9gralit\u00e9 sous forme de long-m\u00e9trage (ci-dessous).<\/p>\n<p><iframe loading=\"lazy\" src=\"\/\/www.youtube.com\/embed\/2hp11QBpUU0\" width=\"560\" height=\"315\" frameborder=\"0\" allowfullscreen=\"allowfullscreen\"><\/iframe><\/p>\n<p><iframe loading=\"lazy\" src=\"\/\/player.vimeo.com\/video\/86713853\" width=\"500\" height=\"281\" frameborder=\"0\" allowfullscreen=\"allowfullscreen\"><\/iframe><\/p>\n","protected":false},"excerpt":{"rendered":"<p>En 2009 et 2010, le TDM a \u00e9crit et r\u00e9alis\u00e9 une webs\u00e9rie en 14 \u00e9pisodes de 10 minutes sur le th\u00e8me de la fin du monde\u00a0avec des acteurs amateurs d&rsquo;Auray (Morbihan).\u00a0Parall\u00e8lement \u00e0 la diffusion progressive des \u00e9pisodes sur le blog d&rsquo;un des personnages, la fiction se d\u00e9ployait\u00a0dans la ville sous forme de l\u00e9gendes urbaines gr\u00e2ce [&hellip;]<\/p>\n","protected":false},"author":1,"featured_media":0,"parent":0,"menu_order":0,"comment_status":"open","ping_status":"closed","template":"","meta":[],"_links":{"self":[{"href":"https:\/\/tdm.incongru.org\/index.php?rest_route=\/wp\/v2\/pages\/143"}],"collection":[{"href":"https:\/\/tdm.incongru.org\/index.php?rest_route=\/wp\/v2\/pages"}],"about":[{"href":"https:\/\/tdm.incongru.org\/index.php?rest_route=\/wp\/v2\/types\/page"}],"author":[{"embeddable":true,"href":"https:\/\/tdm.incongru.org\/index.php?rest_route=\/wp\/v2\/users\/1"}],"replies":[{"embeddable":true,"href":"https:\/\/tdm.incongru.org\/index.php?rest_route=%2Fwp%2Fv2%2Fcomments&post=143"}],"version-history":[{"count":4,"href":"https:\/\/tdm.incongru.org\/index.php?rest_route=\/wp\/v2\/pages\/143\/revisions"}],"predecessor-version":[{"id":276,"href":"https:\/\/tdm.incongru.org\/index.php?rest_route=\/wp\/v2\/pages\/143\/revisions\/276"}],"wp:attachment":[{"href":"https:\/\/tdm.incongru.org\/index.php?rest_route=%2Fwp%2Fv2%2Fmedia&parent=143"}],"curies":[{"name":"wp","href":"https:\/\/api.w.org\/{rel}","templated":true}]}}