{"id":140,"date":"2014-05-16T12:57:03","date_gmt":"2014-05-16T11:57:03","guid":{"rendered":"http:\/\/tdm.incongru.org\/?page_id=140"},"modified":"2014-05-17T16:55:32","modified_gmt":"2014-05-17T15:55:32","slug":"hotel-du-bresil","status":"publish","type":"page","link":"https:\/\/tdm.incongru.org\/?page_id=140","title":{"rendered":"H\u00f4tel du Br\u00e9sil"},"content":{"rendered":"<p>Cr\u00e9\u00e9 au Conservatoire National Sup\u00e9rieur d&rsquo;Art Dramatique avec dix \u00e9l\u00e8ves de la promotion sortante,\u00a0<em>H\u00f4tel du Br\u00e9sil<\/em>\u00a0a \u00e9t\u00e9 \u00e9crit collectivement \u00e0 partir de deux cents r\u00e9cits de r\u00eaves.<\/p>\n<p>Un travail rigoureux sur le silence et la dur\u00e9e, appuy\u00e9 par une sc\u00e9nographie minimaliste mais pharaonique d\u2019Antoine Dusollier\u00a0et une musique de sc\u00e8ne de Daniel Monge\u00a0pour quatre pianos plac\u00e9s hors de la salle \u00e0 des points diff\u00e9rents, permettait une dilatation du temps et de l\u2019espace et un brouillage progressif des codes de la narration, et plongeait le public dans l\u2019atmosph\u00e8re m\u00eame du r\u00eave, parfois dangereusement proche de la r\u00e9alit\u00e9.<\/p>\n<p><iframe loading=\"lazy\" src=\"\/\/player.vimeo.com\/video\/58633641\" width=\"500\" height=\"281\" frameborder=\"0\" allowfullscreen=\"allowfullscreen\"><\/iframe><\/p>\n<p>\u201cCette cr\u00e9ation collective explore une forme de r\u00e9cit labyrinthique et s\u2019interroge \u00e9galement avec malice sur la r\u00e9ception un peu particuli\u00e8re de son public. [&#8230;] Dans cette repr\u00e9sentation exp\u00e9rimentale, les com\u00e9diens malm\u00e8nent notre esprit cart\u00e9sien. Nous croyons trouver un sens \u00e0 cette s\u00e9rie de sketches, mais au final, nous sommes parfaitement d\u00e9boussol\u00e9s.<\/p>\n<p>Sur sc\u00e8ne, l\u2019interpr\u00e9tation est riche, du joyeux au grave, o\u00f9 le regard enfantin croise celui de l\u2019adulte, o\u00f9 les th\u00e8mes de la sexualit\u00e9, du parricide et de l\u2019inceste sont abord\u00e9s avec un ton souvent parodique. L\u2019\u00e9criture sc\u00e9nique surprend \u00e9galement avec ces rideaux de baignoire qu\u2019on arrache, ces accessoires insolites qui forment d\u2019autres ouvertures dans l\u2019espace. [&#8230;] L&rsquo;\u00e9pilogue est un tel feu d\u2019artifices qu\u2019au moment o\u00f9 l\u2019une des com\u00e9diennes de la troupe nous invite \u00e0 prendre un verre, le public h\u00e9site encore si la question rel\u00e8ve d\u2019une nouvelle exp\u00e9rimentation ou bien de la r\u00e9alit\u00e9&#8230;\u201d<\/p>\n<div class=\"layoutArea\">\n<div class=\"column\">\n<p style=\"text-align: right;\"><em>Laetitia Heurteau, \u00abRue du th\u00e9\u00e2tre\u00bb<\/em><\/p>\n<\/div>\n<\/div>\n<p>&nbsp;<\/p>\n","protected":false},"excerpt":{"rendered":"<p>Cr\u00e9\u00e9 au Conservatoire National Sup\u00e9rieur d&rsquo;Art Dramatique avec dix \u00e9l\u00e8ves de la promotion sortante,\u00a0H\u00f4tel du Br\u00e9sil\u00a0a \u00e9t\u00e9 \u00e9crit collectivement \u00e0 partir de deux cents r\u00e9cits de r\u00eaves. Un travail rigoureux sur le silence et la dur\u00e9e, appuy\u00e9 par une sc\u00e9nographie minimaliste mais pharaonique d\u2019Antoine Dusollier\u00a0et une musique de sc\u00e8ne de Daniel Monge\u00a0pour quatre pianos plac\u00e9s [&hellip;]<\/p>\n","protected":false},"author":1,"featured_media":0,"parent":0,"menu_order":0,"comment_status":"open","ping_status":"closed","template":"","meta":[],"_links":{"self":[{"href":"https:\/\/tdm.incongru.org\/index.php?rest_route=\/wp\/v2\/pages\/140"}],"collection":[{"href":"https:\/\/tdm.incongru.org\/index.php?rest_route=\/wp\/v2\/pages"}],"about":[{"href":"https:\/\/tdm.incongru.org\/index.php?rest_route=\/wp\/v2\/types\/page"}],"author":[{"embeddable":true,"href":"https:\/\/tdm.incongru.org\/index.php?rest_route=\/wp\/v2\/users\/1"}],"replies":[{"embeddable":true,"href":"https:\/\/tdm.incongru.org\/index.php?rest_route=%2Fwp%2Fv2%2Fcomments&post=140"}],"version-history":[{"count":4,"href":"https:\/\/tdm.incongru.org\/index.php?rest_route=\/wp\/v2\/pages\/140\/revisions"}],"predecessor-version":[{"id":275,"href":"https:\/\/tdm.incongru.org\/index.php?rest_route=\/wp\/v2\/pages\/140\/revisions\/275"}],"wp:attachment":[{"href":"https:\/\/tdm.incongru.org\/index.php?rest_route=%2Fwp%2Fv2%2Fmedia&parent=140"}],"curies":[{"name":"wp","href":"https:\/\/api.w.org\/{rel}","templated":true}]}}