{"id":137,"date":"2014-05-16T12:56:49","date_gmt":"2014-05-16T11:56:49","guid":{"rendered":"http:\/\/tdm.incongru.org\/?page_id=137"},"modified":"2014-05-19T17:37:16","modified_gmt":"2014-05-19T16:37:16","slug":"le-cure-de-camaret","status":"publish","type":"page","link":"https:\/\/tdm.incongru.org\/?page_id=137","title":{"rendered":"Le cur\u00e9 de Camaret"},"content":{"rendered":"<div class=\"page\" title=\"Page 3\">\n<div class=\"section\">\n<div class=\"layoutArea\">\n<div class=\"column\">\n<p>PREMIER R\u00c9CITANT &#8211; J\u2019accuse la femme<br \/>\nDEUXI\u00c8ME R\u00c9CITANT \u2013 De m\u2019avoir tondu<br \/>\nPREMIER R\u00c9CITANT \u2013 Le c\u0153ur<br \/>\nDEUXI\u00c8ME R\u00c9CITANT \u2013 \u00c0 ras<br \/>\nPREMIER R\u00c9CITANT \u2013 Avec les couilles<br \/>\nDEUXI\u00c8ME R\u00c9CITANT \u2013 De Dieu<\/p>\n<div class=\"page\" title=\"Page 7\">\n<div class=\"section\">\n<div class=\"layoutArea\">\n<div class=\"column\">\n<p>Monologue \u00e0 deux voix, une bouteille et une bougie.<\/p>\n<p>\u00ab\u00a0Biographie au pas de course d\u2019un paysan malgr\u00e9 lui po\u00e8te, c\u2019est un spectacle frontal, aussi rythm\u00e9 que d\u00e9saccord\u00e9, dont la verve triste emporte tout sur son titubant passage, bringuebalant son corps sans graisse \u00e0 tous les points cardinaux de la litt\u00e9rature monstre et des salles de garde\u00a0et\u00a0se r\u00e9solvant pour finir \u00e0 la lisi\u00e8re du fantastique et du grotesque en un orgasme battu froid de chien mouill\u00e9.\u00a0\u00bb (Florian Caschera)<\/p>\n<\/div>\n<\/div>\n<\/div>\n<\/div>\n<\/div>\n<\/div>\n<\/div>\n<\/div>\n<p><em>De No\u00ebl Tuot, par Armelle Dumoulin et Benjamin Abitan<br \/>\n<\/em><\/p>\n","protected":false},"excerpt":{"rendered":"<p>PREMIER R\u00c9CITANT &#8211; J\u2019accuse la femme DEUXI\u00c8ME R\u00c9CITANT \u2013 De m\u2019avoir tondu PREMIER R\u00c9CITANT \u2013 Le c\u0153ur DEUXI\u00c8ME R\u00c9CITANT \u2013 \u00c0 ras PREMIER R\u00c9CITANT \u2013 Avec les couilles DEUXI\u00c8ME R\u00c9CITANT \u2013 De Dieu Monologue \u00e0 deux voix, une bouteille et une bougie. \u00ab\u00a0Biographie au pas de course d\u2019un paysan malgr\u00e9 lui po\u00e8te, c\u2019est un spectacle [&hellip;]<\/p>\n","protected":false},"author":1,"featured_media":233,"parent":0,"menu_order":0,"comment_status":"open","ping_status":"closed","template":"","meta":[],"_links":{"self":[{"href":"https:\/\/tdm.incongru.org\/index.php?rest_route=\/wp\/v2\/pages\/137"}],"collection":[{"href":"https:\/\/tdm.incongru.org\/index.php?rest_route=\/wp\/v2\/pages"}],"about":[{"href":"https:\/\/tdm.incongru.org\/index.php?rest_route=\/wp\/v2\/types\/page"}],"author":[{"embeddable":true,"href":"https:\/\/tdm.incongru.org\/index.php?rest_route=\/wp\/v2\/users\/1"}],"replies":[{"embeddable":true,"href":"https:\/\/tdm.incongru.org\/index.php?rest_route=%2Fwp%2Fv2%2Fcomments&post=137"}],"version-history":[{"count":5,"href":"https:\/\/tdm.incongru.org\/index.php?rest_route=\/wp\/v2\/pages\/137\/revisions"}],"predecessor-version":[{"id":323,"href":"https:\/\/tdm.incongru.org\/index.php?rest_route=\/wp\/v2\/pages\/137\/revisions\/323"}],"wp:featuredmedia":[{"embeddable":true,"href":"https:\/\/tdm.incongru.org\/index.php?rest_route=\/wp\/v2\/media\/233"}],"wp:attachment":[{"href":"https:\/\/tdm.incongru.org\/index.php?rest_route=%2Fwp%2Fv2%2Fmedia&parent=137"}],"curies":[{"name":"wp","href":"https:\/\/api.w.org\/{rel}","templated":true}]}}