{"id":134,"date":"2014-05-16T12:56:21","date_gmt":"2014-05-16T11:56:21","guid":{"rendered":"http:\/\/tdm.incongru.org\/?page_id=134"},"modified":"2014-05-18T14:33:56","modified_gmt":"2014-05-18T13:33:56","slug":"pascal-le-lapin","status":"publish","type":"page","link":"https:\/\/tdm.incongru.org\/?page_id=134","title":{"rendered":"Pascal le lapin"},"content":{"rendered":"<p><em>Pascal le lapin<\/em>\u00a0est un conte d\u00e9mocratique, participatif et comestible. C&rsquo;est une r\u00e9flexion sur la d\u00e9rive totalitaire dans les soci\u00e9t\u00e9s d\u00e9mocratiques \u00e0 partager \u00e0 partir de six ans.<\/p>\n<p>Il raconte\u00a0l&rsquo;histoire de l&rsquo;\u00eele de P\u00e2ques depuis sa d\u00e9couverte par une bande de lapins en chocolat. On assiste donc \u00e0 la naissance d&rsquo;une soci\u00e9t\u00e9, \u00e0 l&rsquo;\u00e9dification d&rsquo;une ville enti\u00e8rement comestible, et au parcours politique de Pascal le lapin\u00a0\u2014\u00a0de ses d\u00e9buts lumineux et pleins d&rsquo;espoir jusqu&rsquo;\u00e0 sa d\u00e9ch\u00e9ance brutale et \u00e0 sa fin tragique. Les enfants, consid\u00e9r\u00e9s comme des lapins \u00e0 part enti\u00e8re, sont invit\u00e9s \u00e0 prendre part au processus d\u00e9mocratique.<\/p>\n<p>A la fin, sous pr\u00e9texte d&rsquo;une catastrophe naturelle, les personnages et les d\u00e9cors (qui sont d\u00e9licieux) sont enti\u00e8rement mang\u00e9s par le public.<\/p>\n<p><em>Pascal le lapin<\/em> a fait l&rsquo;objet d&rsquo;une <a href=\"http:\/\/fictions.franceculture.fr\/emission-fictions-droles-de-drames-pascal-le-lapin-2012-10-27\" target=\"_blank\">adaptation radiophonique<\/a> sur France Culture, r\u00e9alis\u00e9e par C\u00e9dric Aussir avec les \u00e9l\u00e8ves du groupe 40 de l&rsquo;\u00e9cole sup\u00e9rieure d&rsquo;art dramatique du Th\u00e9\u00e2tre National de Strasbourg.<\/p>\n<p><i>Avec M\u00e9lodie Richard<br \/>\nTexte et mise en sc\u00e8ne : Benjamin Abitan<br \/>\nSc\u00e9nographie comestible : Sofia Teillet<br \/>\nMarionnettes : Virginie Chevrier et Marianne Muller<br \/>\n<\/i><\/p>\n","protected":false},"excerpt":{"rendered":"<p>Pascal le lapin\u00a0est un conte d\u00e9mocratique, participatif et comestible. C&rsquo;est une r\u00e9flexion sur la d\u00e9rive totalitaire dans les soci\u00e9t\u00e9s d\u00e9mocratiques \u00e0 partager \u00e0 partir de six ans. Il raconte\u00a0l&rsquo;histoire de l&rsquo;\u00eele de P\u00e2ques depuis sa d\u00e9couverte par une bande de lapins en chocolat. On assiste donc \u00e0 la naissance d&rsquo;une soci\u00e9t\u00e9, \u00e0 l&rsquo;\u00e9dification d&rsquo;une ville [&hellip;]<\/p>\n","protected":false},"author":1,"featured_media":0,"parent":0,"menu_order":0,"comment_status":"open","ping_status":"closed","template":"","meta":[],"_links":{"self":[{"href":"https:\/\/tdm.incongru.org\/index.php?rest_route=\/wp\/v2\/pages\/134"}],"collection":[{"href":"https:\/\/tdm.incongru.org\/index.php?rest_route=\/wp\/v2\/pages"}],"about":[{"href":"https:\/\/tdm.incongru.org\/index.php?rest_route=\/wp\/v2\/types\/page"}],"author":[{"embeddable":true,"href":"https:\/\/tdm.incongru.org\/index.php?rest_route=\/wp\/v2\/users\/1"}],"replies":[{"embeddable":true,"href":"https:\/\/tdm.incongru.org\/index.php?rest_route=%2Fwp%2Fv2%2Fcomments&post=134"}],"version-history":[{"count":7,"href":"https:\/\/tdm.incongru.org\/index.php?rest_route=\/wp\/v2\/pages\/134\/revisions"}],"predecessor-version":[{"id":288,"href":"https:\/\/tdm.incongru.org\/index.php?rest_route=\/wp\/v2\/pages\/134\/revisions\/288"}],"wp:attachment":[{"href":"https:\/\/tdm.incongru.org\/index.php?rest_route=%2Fwp%2Fv2%2Fmedia&parent=134"}],"curies":[{"name":"wp","href":"https:\/\/api.w.org\/{rel}","templated":true}]}}