{"id":118,"date":"2014-05-16T12:52:35","date_gmt":"2014-05-16T11:52:35","guid":{"rendered":"http:\/\/tdm.incongru.org\/?page_id=118"},"modified":"2014-06-19T14:13:45","modified_gmt":"2014-06-19T13:13:45","slug":"espace-pro","status":"publish","type":"page","link":"https:\/\/tdm.incongru.org\/?page_id=118","title":{"rendered":"Contact"},"content":{"rendered":"<p>Th\u00e9\u00e2tre de la D\u00e9mesure<br \/>\n206, quai de Valmy<br \/>\n75010 Paris<\/p>\n<p><a href=\"mailto:contact@theatredelademesure.fr\">contact@theatredelademesure.fr<\/a><\/p>\n<p>&nbsp;<\/p>\n<p>&nbsp;<\/p>\n<p>&nbsp;<\/p>\n<p>&nbsp;<\/p>\n<p>&nbsp;<\/p>\n<p style=\"text-align: right;\">\u00a9 2013\u00a0Portra by <a href=\"http:\/\/wpshower.com\/\" target=\"_blank\">WPShower<br \/>\n<\/a>H\u00e9berg\u00e9 par <a href=\"http:\/\/www.pastis-hosting.net\/\">Pastis Hosting<\/a><\/p>\n","protected":false},"excerpt":{"rendered":"<p>Th\u00e9\u00e2tre de la D\u00e9mesure 206, quai de Valmy 75010 Paris contact@theatredelademesure.fr &nbsp; &nbsp; &nbsp; &nbsp; &nbsp; \u00a9 2013\u00a0Portra by WPShower H\u00e9berg\u00e9 par Pastis Hosting<\/p>\n","protected":false},"author":1,"featured_media":0,"parent":0,"menu_order":0,"comment_status":"open","ping_status":"closed","template":"","meta":[],"_links":{"self":[{"href":"https:\/\/tdm.incongru.org\/index.php?rest_route=\/wp\/v2\/pages\/118"}],"collection":[{"href":"https:\/\/tdm.incongru.org\/index.php?rest_route=\/wp\/v2\/pages"}],"about":[{"href":"https:\/\/tdm.incongru.org\/index.php?rest_route=\/wp\/v2\/types\/page"}],"author":[{"embeddable":true,"href":"https:\/\/tdm.incongru.org\/index.php?rest_route=\/wp\/v2\/users\/1"}],"replies":[{"embeddable":true,"href":"https:\/\/tdm.incongru.org\/index.php?rest_route=%2Fwp%2Fv2%2Fcomments&post=118"}],"version-history":[{"count":11,"href":"https:\/\/tdm.incongru.org\/index.php?rest_route=\/wp\/v2\/pages\/118\/revisions"}],"predecessor-version":[{"id":344,"href":"https:\/\/tdm.incongru.org\/index.php?rest_route=\/wp\/v2\/pages\/118\/revisions\/344"}],"wp:attachment":[{"href":"https:\/\/tdm.incongru.org\/index.php?rest_route=%2Fwp%2Fv2%2Fmedia&parent=118"}],"curies":[{"name":"wp","href":"https:\/\/api.w.org\/{rel}","templated":true}]}}