{"id":112,"date":"2014-05-15T15:56:23","date_gmt":"2014-05-15T14:56:23","guid":{"rendered":"http:\/\/tdm.incongru.org\/?page_id=112"},"modified":"2014-05-19T17:48:14","modified_gmt":"2014-05-19T16:48:14","slug":"le-tdm","status":"publish","type":"page","link":"https:\/\/tdm.incongru.org\/?page_id=112","title":{"rendered":"Le TDM"},"content":{"rendered":"<p>Cr\u00e9\u00e9\u00a0\u00e0 l&rsquo;Universit\u00e9 de Saint-Denis en 2004 sous forme d&rsquo;un laboratoire de recherche, le Th\u00e9\u00e2tre de la D\u00e9mesure s&rsquo;est depuis enrichi de rencontres faites au CNSAD et au TNS (mais pas seulement) pour devenir une compagnie \u00e0 part enti\u00e8re.<\/p>\n<p>En dix ans, le TDM a joyeusement explor\u00e9 les styles et les formats\u00a0:\u00a0vaudeville m\u00e9taphysique (<em>Autour de autour de Sombre Propos<\/em>, d&rsquo;apr\u00e8s l&rsquo;\u0153uvre de Christophe Loyer, 2005),\u00a0op\u00e9ra-rock sur la disparition des dinosaures (<em>La place du morse est d\u00e9cid\u00e9ment trop grande<\/em>, 2005),\u00a0spectacles programmatiques \u00ab\u202fjetables\u202f\u00bb pour expositions, spectacle jeune public (<em>Pascal le lapin<\/em>, 2008)&#8230;<\/p>\n<p>Toujours en collectif, toujours (ou presque) sur des textes originaux \u00e9crits ensemble, et toujours dans le souci\u00a0de mettre en perspective notre pratique du th\u00e9\u00e2tre, notre rapport \u00e0 l&rsquo;interpr\u00e9tation et la place faite au spectateur.<\/p>\n","protected":false},"excerpt":{"rendered":"<p>Cr\u00e9\u00e9\u00a0\u00e0 l&rsquo;Universit\u00e9 de Saint-Denis en 2004 sous forme d&rsquo;un laboratoire de recherche, le Th\u00e9\u00e2tre de la D\u00e9mesure s&rsquo;est depuis enrichi de rencontres faites au CNSAD et au TNS (mais pas seulement) pour devenir une compagnie \u00e0 part enti\u00e8re. En dix ans, le TDM a joyeusement explor\u00e9 les styles et les formats\u00a0:\u00a0vaudeville m\u00e9taphysique (Autour de autour [&hellip;]<\/p>\n","protected":false},"author":1,"featured_media":0,"parent":0,"menu_order":0,"comment_status":"open","ping_status":"closed","template":"","meta":[],"_links":{"self":[{"href":"https:\/\/tdm.incongru.org\/index.php?rest_route=\/wp\/v2\/pages\/112"}],"collection":[{"href":"https:\/\/tdm.incongru.org\/index.php?rest_route=\/wp\/v2\/pages"}],"about":[{"href":"https:\/\/tdm.incongru.org\/index.php?rest_route=\/wp\/v2\/types\/page"}],"author":[{"embeddable":true,"href":"https:\/\/tdm.incongru.org\/index.php?rest_route=\/wp\/v2\/users\/1"}],"replies":[{"embeddable":true,"href":"https:\/\/tdm.incongru.org\/index.php?rest_route=%2Fwp%2Fv2%2Fcomments&post=112"}],"version-history":[{"count":5,"href":"https:\/\/tdm.incongru.org\/index.php?rest_route=\/wp\/v2\/pages\/112\/revisions"}],"predecessor-version":[{"id":338,"href":"https:\/\/tdm.incongru.org\/index.php?rest_route=\/wp\/v2\/pages\/112\/revisions\/338"}],"wp:attachment":[{"href":"https:\/\/tdm.incongru.org\/index.php?rest_route=%2Fwp%2Fv2%2Fmedia&parent=112"}],"curies":[{"name":"wp","href":"https:\/\/api.w.org\/{rel}","templated":true}]}}